{"id":4283,"date":"2015-11-03T10:19:50","date_gmt":"2015-11-03T09:19:50","guid":{"rendered":"http:\/\/www.rialfilati.it\/product\/morbidone\/"},"modified":"2024-10-02T08:55:05","modified_gmt":"2024-10-02T07:55:05","slug":"morbidone","status":"publish","type":"product","link":"https:\/\/www.rialfilati.it\/en\/prodotto\/morbidone\/","title":{"rendered":"Morbidone"},"content":{"rendered":"<p>La pura lana Merinos per assicurare il massimo della qualit\u00e0, un trattamento irrestringibile per darvi il massimo della sicurezza, una gamma di decine di colori per offrirvi il massimo della fantasia, un rapporto qualit\u00e0 \/ prezzo stupefacente per regalarvi il massimo della convenienza&#8230;<br \/>\nMorbidone \u00e8 il filato pi\u00f9 amato, pi\u00f9 venduto, pi\u00f9 imitato di Rial, e ha tutti i motivi per esserlo!<br \/>\nLe sue qualit\u00e0 ne fanno il nostro cavallo di battaglia, e siamo orgogliosi di proporvelo.<\/p>\n<p><strong>Specifiche del filato:<\/strong><\/p>\n<p>Peso gomitolo: 100 g<br \/>\nLunghezza: 180 m<br \/>\nCampione: 10 * 10 = 18 m * 23 giri<br \/>\nN\u00b0 ferri: 4,5 \u2013 5<br \/>\nComposizione: <strong>100% pura lana merinos extrafine, superwash<\/strong><\/p>\n","protected":false},"excerpt":{"rendered":"<p>La pura lana Merinos per assicurare il massimo della qualit\u00e0, un trattamento irrestringibile per darvi il massimo della sicurezza.<\/p>\n<p><a href=\"http:\/\/www.rialfilati.it\/wp-content\/uploads\/2015\/11\/morbidone.jpg\" rel=\"attachment wp-att-4987\"><img loading=\"lazy\" decoding=\"async\" class=\"alignnone wp-image-4987 size-thumbnail\" src=\"http:\/\/www.rialfilati.it\/wp-content\/uploads\/2015\/11\/morbidone-100x100.jpg\" alt=\"morbidone\" width=\"100\" height=\"100\" \/><\/a><\/p>\n<p>Peso gomitolo: 100 g<br \/>\nLunghezza: 180 m<br \/>\nCampione: 10 * 10 = 18 m * 23 giri<br \/>\nN\u00b0 ferri: 4,5 \u2013 5<br \/>\nComposizione: <strong>100% pura lana merinos extrafine, superwash<\/strong><\/p>\n<p>&nbsp;<\/p>\n","protected":false},"featured_media":4919,"template":"","meta":{"_acf_changed":false,"site-sidebar-layout":"default","site-content-layout":"default","ast-site-content-layout":"default","site-content-style":"default","site-sidebar-style":"default","ast-global-header-display":"","ast-banner-title-visibility":"","ast-main-header-display":"","ast-hfb-above-header-display":"","ast-hfb-below-header-display":"","ast-hfb-mobile-header-display":"","site-post-title":"","ast-breadcrumbs-content":"","ast-featured-img":"","footer-sml-layout":"","ast-disable-related-posts":"","theme-transparent-header-meta":"default","adv-header-id-meta":"","stick-header-meta":"","header-above-stick-meta":"","header-main-stick-meta":"","header-below-stick-meta":"","astra-migrate-meta-layouts":"set","ast-page-background-enabled":"default","ast-page-background-meta":{"desktop":{"background-color":"","background-image":"","background-repeat":"repeat","background-position":"center center","background-size":"auto","background-attachment":"scroll","background-type":"","background-media":"","overlay-type":"","overlay-color":"","overlay-opacity":"","overlay-gradient":""},"tablet":{"background-color":"","background-image":"","background-repeat":"repeat","background-position":"center center","background-size":"auto","background-attachment":"scroll","background-type":"","background-media":"","overlay-type":"","overlay-color":"","overlay-opacity":"","overlay-gradient":""},"mobile":{"background-color":"","background-image":"","background-repeat":"repeat","background-position":"center center","background-size":"auto","background-attachment":"scroll","background-type":"","background-media":"","overlay-type":"","overlay-color":"","overlay-opacity":"","overlay-gradient":""}},"ast-content-background-meta":{"desktop":{"background-color":"var(--ast-global-color-5)","background-image":"","background-repeat":"repeat","background-position":"center center","background-size":"auto","background-attachment":"scroll","background-type":"","background-media":"","overlay-type":"","overlay-color":"","overlay-opacity":"","overlay-gradient":""},"tablet":{"background-color":"var(--ast-global-color-5)","background-image":"","background-repeat":"repeat","background-position":"center center","background-size":"auto","background-attachment":"scroll","background-type":"","background-media":"","overlay-type":"","overlay-color":"","overlay-opacity":"","overlay-gradient":""},"mobile":{"background-color":"var(--ast-global-color-5)","background-image":"","background-repeat":"repeat","background-position":"center center","background-size":"auto","background-attachment":"scroll","background-type":"","background-media":"","overlay-type":"","overlay-color":"","overlay-opacity":"","overlay-gradient":""}}},"product_brand":[],"product_cat":[46],"product_tag":[62,50,65,69,70],"class_list":{"0":"post-4283","1":"product","2":"type-product","3":"status-publish","4":"has-post-thumbnail","6":"product_cat-lane-classiche-merinos","7":"product_tag-pura-lana-merinos","8":"product_tag-100g","9":"product_tag-180m","10":"product_tag-ferro-4-5","11":"product_tag-ferro-5","12":"product_shipping_class-filati","13":"desktop-align-left","14":"tablet-align-left","15":"mobile-align-left","16":"ast-product-gallery-layout-first-image-large","17":"ast-magnify-disabled","18":"ast-product-single-variable","19":"ast-product-tabs-layout-accordion","21":"first","22":"instock","23":"taxable","24":"shipping-taxable","25":"purchasable","26":"product-type-variable"},"acf":[],"_links":{"self":[{"href":"https:\/\/www.rialfilati.it\/en\/wp-json\/wp\/v2\/product\/4283","targetHints":{"allow":["GET"]}}],"collection":[{"href":"https:\/\/www.rialfilati.it\/en\/wp-json\/wp\/v2\/product"}],"about":[{"href":"https:\/\/www.rialfilati.it\/en\/wp-json\/wp\/v2\/types\/product"}],"wp:featuredmedia":[{"embeddable":true,"href":"https:\/\/www.rialfilati.it\/en\/wp-json\/wp\/v2\/media\/4919"}],"wp:attachment":[{"href":"https:\/\/www.rialfilati.it\/en\/wp-json\/wp\/v2\/media?parent=4283"}],"wp:term":[{"taxonomy":"product_brand","embeddable":true,"href":"https:\/\/www.rialfilati.it\/en\/wp-json\/wp\/v2\/product_brand?post=4283"},{"taxonomy":"product_cat","embeddable":true,"href":"https:\/\/www.rialfilati.it\/en\/wp-json\/wp\/v2\/product_cat?post=4283"},{"taxonomy":"product_tag","embeddable":true,"href":"https:\/\/www.rialfilati.it\/en\/wp-json\/wp\/v2\/product_tag?post=4283"}],"curies":[{"name":"wp","href":"https:\/\/api.w.org\/{rel}","templated":true}]}}