{"id":4336,"date":"2015-11-03T10:48:57","date_gmt":"2015-11-03T09:48:57","guid":{"rendered":"http:\/\/www.rialfilati.it\/product\/relax\/"},"modified":"2024-10-02T09:10:22","modified_gmt":"2024-10-02T08:10:22","slug":"relax","status":"publish","type":"product","link":"https:\/\/www.rialfilati.it\/en\/prodotto\/relax\/","title":{"rendered":"RelaX"},"content":{"rendered":"<p>Caldo e confortevole, RelaX \u00e8 un filato che offre una vasta gamma di colori e si presta agli utilizzi pi\u00f9 diversi, lasciando libero sfogo alla vostra creativit\u00e0.<\/p>\n<p><strong>Specifiche del filato:<\/strong><\/p>\n<p>Peso gomitolo: 100 g<br \/>\nLunghezza: 166 m<br \/>\nN\u00b0 ferri: 6<br \/>\nComposizione: 70% lana \/ 30% acrilico<\/p>\n","protected":false},"excerpt":{"rendered":"<p>Caldo e confortevole, RelaX \u00e8 un filato che offre una vasta gamma di colori e si presta agli utilizzi pi\u00f9 diversi, lasciando libero sfogo alla vostra creativit\u00e0.<\/p>\n[gallery link=\"file\" ids=\"4507,1014\"]\n","protected":false},"featured_media":4496,"template":"","meta":{"_acf_changed":false,"site-sidebar-layout":"default","site-content-layout":"default","ast-site-content-layout":"default","site-content-style":"default","site-sidebar-style":"default","ast-global-header-display":"","ast-banner-title-visibility":"","ast-main-header-display":"","ast-hfb-above-header-display":"","ast-hfb-below-header-display":"","ast-hfb-mobile-header-display":"","site-post-title":"","ast-breadcrumbs-content":"","ast-featured-img":"","footer-sml-layout":"","ast-disable-related-posts":"","theme-transparent-header-meta":"default","adv-header-id-meta":"","stick-header-meta":"","header-above-stick-meta":"","header-main-stick-meta":"","header-below-stick-meta":"","astra-migrate-meta-layouts":"set","ast-page-background-enabled":"default","ast-page-background-meta":{"desktop":{"background-color":"","background-image":"","background-repeat":"repeat","background-position":"center center","background-size":"auto","background-attachment":"scroll","background-type":"","background-media":"","overlay-type":"","overlay-color":"","overlay-opacity":"","overlay-gradient":""},"tablet":{"background-color":"","background-image":"","background-repeat":"repeat","background-position":"center center","background-size":"auto","background-attachment":"scroll","background-type":"","background-media":"","overlay-type":"","overlay-color":"","overlay-opacity":"","overlay-gradient":""},"mobile":{"background-color":"","background-image":"","background-repeat":"repeat","background-position":"center center","background-size":"auto","background-attachment":"scroll","background-type":"","background-media":"","overlay-type":"","overlay-color":"","overlay-opacity":"","overlay-gradient":""}},"ast-content-background-meta":{"desktop":{"background-color":"var(--ast-global-color-5)","background-image":"","background-repeat":"repeat","background-position":"center center","background-size":"auto","background-attachment":"scroll","background-type":"","background-media":"","overlay-type":"","overlay-color":"","overlay-opacity":"","overlay-gradient":""},"tablet":{"background-color":"var(--ast-global-color-5)","background-image":"","background-repeat":"repeat","background-position":"center center","background-size":"auto","background-attachment":"scroll","background-type":"","background-media":"","overlay-type":"","overlay-color":"","overlay-opacity":"","overlay-gradient":""},"mobile":{"background-color":"var(--ast-global-color-5)","background-image":"","background-repeat":"repeat","background-position":"center center","background-size":"auto","background-attachment":"scroll","background-type":"","background-media":"","overlay-type":"","overlay-color":"","overlay-opacity":"","overlay-gradient":""}}},"product_brand":[],"product_cat":[87],"product_tag":[50,51,76,53,52],"class_list":{"0":"post-4336","1":"product","2":"type-product","3":"status-publish","4":"has-post-thumbnail","6":"product_cat-misti-lana-acrilico","7":"product_tag-100g","8":"product_tag-166m","9":"product_tag-30-acrilico","10":"product_tag-70-lana","11":"product_tag-ferri-6","12":"product_shipping_class-filati","13":"desktop-align-left","14":"tablet-align-left","15":"mobile-align-left","16":"ast-product-gallery-layout-first-image-large","17":"ast-magnify-disabled","18":"ast-product-single-variable","19":"ast-product-tabs-layout-accordion","21":"first","22":"instock","23":"taxable","24":"shipping-taxable","25":"purchasable","26":"product-type-variable"},"acf":[],"_links":{"self":[{"href":"https:\/\/www.rialfilati.it\/en\/wp-json\/wp\/v2\/product\/4336","targetHints":{"allow":["GET"]}}],"collection":[{"href":"https:\/\/www.rialfilati.it\/en\/wp-json\/wp\/v2\/product"}],"about":[{"href":"https:\/\/www.rialfilati.it\/en\/wp-json\/wp\/v2\/types\/product"}],"wp:featuredmedia":[{"embeddable":true,"href":"https:\/\/www.rialfilati.it\/en\/wp-json\/wp\/v2\/media\/4496"}],"wp:attachment":[{"href":"https:\/\/www.rialfilati.it\/en\/wp-json\/wp\/v2\/media?parent=4336"}],"wp:term":[{"taxonomy":"product_brand","embeddable":true,"href":"https:\/\/www.rialfilati.it\/en\/wp-json\/wp\/v2\/product_brand?post=4336"},{"taxonomy":"product_cat","embeddable":true,"href":"https:\/\/www.rialfilati.it\/en\/wp-json\/wp\/v2\/product_cat?post=4336"},{"taxonomy":"product_tag","embeddable":true,"href":"https:\/\/www.rialfilati.it\/en\/wp-json\/wp\/v2\/product_tag?post=4336"}],"curies":[{"name":"wp","href":"https:\/\/api.w.org\/{rel}","templated":true}]}}