{"id":4353,"date":"2015-11-03T10:55:02","date_gmt":"2015-11-03T09:55:02","guid":{"rendered":"http:\/\/www.rialfilati.it\/product\/economico\/"},"modified":"2023-05-05T09:07:03","modified_gmt":"2023-05-05T08:07:03","slug":"economico","status":"publish","type":"product","link":"https:\/\/www.rialfilati.it\/en\/prodotto\/economico\/","title":{"rendered":"Economico"},"content":{"rendered":"<p>Economico \u00e8 un filato di grande qualit\u00e0, misto lana al 60% e venduto in un formato intelligente che permette un grandissimo rapporto qualit\u00e0 prezzo.<\/p>\n<p>Composizione: <strong>60% lana, 30% acriclico, 10% nylon<\/strong><\/p>\n<p>Peso: <strong>250 grammi<\/strong><\/p>\n<p>Lunghezza: <strong>500 metri<\/strong><\/p>\n<p>Ferri: <strong>ferri 3,5 &#8211; 4\u00a0<\/strong><\/p>\n","protected":false},"excerpt":{"rendered":"<p>Enonomico \u00e8 un filato di grande qualit\u00e0, misto lana al 60% e venduto in un formato intelligente che permette un grandissimo rapporto qualit\u00e0 prezzo.<\/p>\n","protected":false},"featured_media":5957,"template":"","meta":{"_acf_changed":false,"site-sidebar-layout":"default","site-content-layout":"default","ast-site-content-layout":"default","site-content-style":"default","site-sidebar-style":"default","ast-global-header-display":"","ast-banner-title-visibility":"","ast-main-header-display":"","ast-hfb-above-header-display":"","ast-hfb-below-header-display":"","ast-hfb-mobile-header-display":"","site-post-title":"","ast-breadcrumbs-content":"","ast-featured-img":"","footer-sml-layout":"","ast-disable-related-posts":"","theme-transparent-header-meta":"default","adv-header-id-meta":"","stick-header-meta":"","header-above-stick-meta":"","header-main-stick-meta":"","header-below-stick-meta":"","astra-migrate-meta-layouts":"default","ast-page-background-enabled":"default","ast-page-background-meta":{"desktop":{"background-color":"","background-image":"","background-repeat":"repeat","background-position":"center center","background-size":"auto","background-attachment":"scroll","background-type":"","background-media":"","overlay-type":"","overlay-color":"","overlay-opacity":"","overlay-gradient":""},"tablet":{"background-color":"","background-image":"","background-repeat":"repeat","background-position":"center center","background-size":"auto","background-attachment":"scroll","background-type":"","background-media":"","overlay-type":"","overlay-color":"","overlay-opacity":"","overlay-gradient":""},"mobile":{"background-color":"","background-image":"","background-repeat":"repeat","background-position":"center center","background-size":"auto","background-attachment":"scroll","background-type":"","background-media":"","overlay-type":"","overlay-color":"","overlay-opacity":"","overlay-gradient":""}},"ast-content-background-meta":{"desktop":{"background-color":"var(--ast-global-color-5)","background-image":"","background-repeat":"repeat","background-position":"center center","background-size":"auto","background-attachment":"scroll","background-type":"","background-media":"","overlay-type":"","overlay-color":"","overlay-opacity":"","overlay-gradient":""},"tablet":{"background-color":"var(--ast-global-color-5)","background-image":"","background-repeat":"repeat","background-position":"center center","background-size":"auto","background-attachment":"scroll","background-type":"","background-media":"","overlay-type":"","overlay-color":"","overlay-opacity":"","overlay-gradient":""},"mobile":{"background-color":"var(--ast-global-color-5)","background-image":"","background-repeat":"repeat","background-position":"center center","background-size":"auto","background-attachment":"scroll","background-type":"","background-media":"","overlay-type":"","overlay-color":"","overlay-opacity":"","overlay-gradient":""}}},"product_brand":[],"product_cat":[87],"product_tag":[103,59,123],"class_list":{"0":"post-4353","1":"product","2":"type-product","3":"status-publish","4":"has-post-thumbnail","6":"product_cat-misti-lana-acrilico","7":"product_tag-60-lana","8":"product_tag-ferri-3-5","9":"product_tag-ferri-4","10":"product_shipping_class-filati","11":"desktop-align-left","12":"tablet-align-left","13":"mobile-align-left","14":"ast-product-gallery-layout-first-image-large","15":"ast-magnify-disabled","16":"ast-product-single-variable","17":"ast-product-tabs-layout-accordion","19":"first","20":"instock","21":"taxable","22":"shipping-taxable","23":"purchasable","24":"product-type-variable"},"acf":[],"_links":{"self":[{"href":"https:\/\/www.rialfilati.it\/en\/wp-json\/wp\/v2\/product\/4353","targetHints":{"allow":["GET"]}}],"collection":[{"href":"https:\/\/www.rialfilati.it\/en\/wp-json\/wp\/v2\/product"}],"about":[{"href":"https:\/\/www.rialfilati.it\/en\/wp-json\/wp\/v2\/types\/product"}],"wp:featuredmedia":[{"embeddable":true,"href":"https:\/\/www.rialfilati.it\/en\/wp-json\/wp\/v2\/media\/5957"}],"wp:attachment":[{"href":"https:\/\/www.rialfilati.it\/en\/wp-json\/wp\/v2\/media?parent=4353"}],"wp:term":[{"taxonomy":"product_brand","embeddable":true,"href":"https:\/\/www.rialfilati.it\/en\/wp-json\/wp\/v2\/product_brand?post=4353"},{"taxonomy":"product_cat","embeddable":true,"href":"https:\/\/www.rialfilati.it\/en\/wp-json\/wp\/v2\/product_cat?post=4353"},{"taxonomy":"product_tag","embeddable":true,"href":"https:\/\/www.rialfilati.it\/en\/wp-json\/wp\/v2\/product_tag?post=4353"}],"curies":[{"name":"wp","href":"https:\/\/api.w.org\/{rel}","templated":true}]}}